{"id":157,"date":"2025-10-19T15:17:20","date_gmt":"2025-10-19T13:17:20","guid":{"rendered":"https:\/\/solene-clot.fr\/?page_id=157"},"modified":"2025-10-30T16:42:03","modified_gmt":"2025-10-30T15:42:03","slug":"conditions-de-consultation","status":"publish","type":"page","link":"https:\/\/solene-clot.fr\/index.php\/conditions-de-consultation\/","title":{"rendered":"Conditions de consultation"},"content":{"rendered":"\t\t<div data-elementor-type=\"wp-page\" data-elementor-id=\"157\" class=\"elementor elementor-157\">\n\t\t\t\t<div class=\"elementor-element elementor-element-6898b93e e-flex e-con-boxed e-con e-parent\" data-id=\"6898b93e\" data-element_type=\"container\" data-e-type=\"container\" data-settings=\"{&quot;background_background&quot;:&quot;classic&quot;,&quot;position&quot;:&quot;fixed&quot;}\">\n\t\t\t\t\t<div class=\"e-con-inner\">\n\t\t<div class=\"elementor-element elementor-element-7defc237 e-con-full elementor-hidden-mobile e-flex e-con e-child\" data-id=\"7defc237\" data-element_type=\"container\" data-e-type=\"container\" data-settings=\"{&quot;background_background&quot;:&quot;classic&quot;}\">\n\t\t\t\t<div class=\"elementor-element elementor-element-bb96b1d elementor-widget__width-initial elementor-widget elementor-widget-heading\" data-id=\"bb96b1d\" data-element_type=\"widget\" data-e-type=\"widget\" data-widget_type=\"heading.default\">\n\t\t\t\t\t<h2 class=\"elementor-heading-title elementor-size-default\">Sol\u00e8ne Clot - Psychologue<\/h2>\t\t\t\t<\/div>\n\t\t\t\t<\/div>\n\t\t<div class=\"elementor-element elementor-element-ed35a99 e-con-full e-flex e-con e-child\" data-id=\"ed35a99\" data-element_type=\"container\" data-e-type=\"container\" data-settings=\"{&quot;background_background&quot;:&quot;classic&quot;}\">\n\t\t\t\t<div class=\"elementor-element elementor-element-6a3fed91 elementor-widget__width-initial elementor-widget elementor-widget-tf-nav-menu\" data-id=\"6a3fed91\" data-element_type=\"widget\" data-e-type=\"widget\" data-widget_type=\"tf-nav-menu.default\">\n\t\t\t\t<div class=\"elementor-widget-container\">\n\t\t\t\t\t<div class=\"tf-nav-menu tf-alignment-center horizontal menu-panel-style-left tf_link_effect_double-line tf_animation_line_fade dropdown-default tf-nav-69d63bd31194b\" data-id_random=\"tf-nav-69d63bd31194b\">\r\n\t\t\t\t<div class=\"nav-panel mobile-menu-alignment-left\">\r\n\t\t\t\t\t<div class=\"wrap-logo-nav\"><a href=\"https:\/\/solene-clot.fr\/\" class=\"logo-nav\">Sol\u00e8ne CLOT<\/a><\/div>\r\n\t\t\t\t\t<div class=\"mainnav-mobi\"><div class=\"menu-container tf-menu-container\"><ul id=\"menu-menu-solene\" class=\"menu\"><li id=\"menu-item-75\" class=\"menu-item menu-item-type-post_type menu-item-object-page menu-item-home menu-item-75\"><a href=\"https:\/\/solene-clot.fr\/\">Page d\u2019accueil<i class=\"fa fa-angle-right\" aria-hidden=\"true\"><\/i><\/a><\/li>\n<li id=\"menu-item-361\" class=\"menu-item menu-item-type-post_type menu-item-object-page menu-item-361\"><a href=\"https:\/\/solene-clot.fr\/index.php\/a-propos-de-moi\/\">\u00c0 propos de moi<i class=\"fa fa-angle-right\" aria-hidden=\"true\"><\/i><\/a><\/li>\n<li id=\"menu-item-360\" class=\"menu-item menu-item-type-post_type menu-item-object-page menu-item-360\"><a href=\"https:\/\/solene-clot.fr\/index.php\/mon-accompagnement\/\">Mon accompagnement<i class=\"fa fa-angle-right\" aria-hidden=\"true\"><\/i><\/a><\/li>\n<li id=\"menu-item-89\" class=\"menu-item menu-item-type-post_type menu-item-object-page menu-item-89\"><a href=\"https:\/\/solene-clot.fr\/index.php\/contact\/\">Contact<i class=\"fa fa-angle-right\" aria-hidden=\"true\"><\/i><\/a><\/li>\n<\/ul><\/div><\/div>\r\n\t\t\t\t\t<div class=\"wrap-close-menu-panel-style-default\">\r\n\t\t\t\t\t\t<button class=\"close-menu-panel-style-default\"><i class=\"fas fa-times\"><\/i><\/button>\r\n\t\t\t\t\t<\/div>\r\n\t\t\t\t<\/div>\r\n\t\t\t\t<div class=\"mainnav nav\"><div class=\"menu-container tf-menu-container\"><ul id=\"menu-menu-solene\" class=\"menu\"><li id=\"menu-item-75\" class=\"menu-item menu-item-type-post_type menu-item-object-page menu-item-home menu-item-75\"><a href=\"https:\/\/solene-clot.fr\/\">Page d\u2019accueil<i class=\"fa fa-angle-right\" aria-hidden=\"true\"><\/i><\/a><\/li>\n<li id=\"menu-item-361\" class=\"menu-item menu-item-type-post_type menu-item-object-page menu-item-361\"><a href=\"https:\/\/solene-clot.fr\/index.php\/a-propos-de-moi\/\">\u00c0 propos de moi<i class=\"fa fa-angle-right\" aria-hidden=\"true\"><\/i><\/a><\/li>\n<li id=\"menu-item-360\" class=\"menu-item menu-item-type-post_type menu-item-object-page menu-item-360\"><a href=\"https:\/\/solene-clot.fr\/index.php\/mon-accompagnement\/\">Mon accompagnement<i class=\"fa fa-angle-right\" aria-hidden=\"true\"><\/i><\/a><\/li>\n<li id=\"menu-item-89\" class=\"menu-item menu-item-type-post_type menu-item-object-page menu-item-89\"><a href=\"https:\/\/solene-clot.fr\/index.php\/contact\/\">Contact<i class=\"fa fa-angle-right\" aria-hidden=\"true\"><\/i><\/a><\/li>\n<\/ul><\/div><\/div>\r\n\t\t\t\t<div class=\"mobile-menu-overlay\"><\/div>\r\n\t\t\t\t<button class=\"tf-close\"><i class=\"fas fa-times\"><\/i><\/button>\r\n\t\t\t\t<button class=\"btn-menu-mobile\"><span class=\"open-icon\"><i class=\"fas fa-bars\"><\/i><\/span><\/button>\r\n\t\t\t\t<button class=\"btn-menu-only\"><span class=\"open-icon\"><i class=\"fas fa-bars\"><\/i><\/span><\/button>\r\n\t\t\t<\/div>\t\t\t\t<\/div>\n\t\t\t\t<\/div>\n\t\t\t\t<\/div>\n\t\t\t\t\t<\/div>\n\t\t\t\t<\/div>\n\t\t<div class=\"elementor-element elementor-element-23ca8de9 e-flex e-con-boxed e-con e-parent\" data-id=\"23ca8de9\" data-element_type=\"container\" data-e-type=\"container\">\n\t\t\t\t\t<div class=\"e-con-inner\">\n\t\t\t\t<div class=\"elementor-element elementor-element-20f2d52f elementor-widget elementor-widget-text-editor\" data-id=\"20f2d52f\" data-element_type=\"widget\" data-e-type=\"widget\" data-widget_type=\"text-editor.default\">\n\t\t\t\t\t\t\t\t\t\n<p><strong>1. Objet<\/strong><br \/>Les pr\u00e9sentes conditions pr\u00e9cisent les modalit\u00e9s de consultation propos\u00e9es par Sol\u00e8ne CLOT, psychologue dipl\u00f4m\u00e9e d\u2019\u00c9tat.<\/p>\n\n<p><strong>2. Prise de rendez-vous<\/strong><br \/>Les rendez-vous se prennent directement via le site ou la plateforme <strong>Doctolib<\/strong>.<br \/>La confirmation du rendez-vous vaut acceptation des pr\u00e9sentes conditions.<\/p>\n\n<p><strong>3. Annulation ou modification<\/strong><br \/>Toute annulation ou report de rendez-vous doit \u00eatre effectu\u00e9 au minimum <strong>24 heures \u00e0 l\u2019avance<\/strong>.<br \/>Pass\u00e9 ce d\u00e9lai, la s\u00e9ance peut \u00eatre due sauf cas de force majeure.<\/p>\n\n<p><strong>4. Tarifs et paiement<\/strong><br \/>Les honoraires des consultations sont indiqu\u00e9s sur le site ou la plateforme de r\u00e9servation.<br \/>Le r\u00e8glement s\u2019effectue selon les modalit\u00e9s pr\u00e9cis\u00e9es lors de la prise de rendez-vous (esp\u00e8ces, ch\u00e8que, virement, ou Doctolib le cas \u00e9ch\u00e9ant).<br \/>Les consultations ne sont <strong>pas rembours\u00e9es par la S\u00e9curit\u00e9 sociale<\/strong>, mais certaines mutuelles peuvent en prendre en charge tout ou partie.<\/p>\n\n<p><strong>5. Confidentialit\u00e9 et secret professionnel<\/strong><br \/>La psychologue est tenue au <strong>secret professionnel<\/strong> conform\u00e9ment \u00e0 l\u2019article 226-13 du Code p\u00e9nal et au <strong>Code de d\u00e9ontologie des psychologues<\/strong>.<br \/>Les informations \u00e9chang\u00e9es lors des consultations demeurent strictement confidentielles.<\/p>\n\n<p><strong>6. Responsabilit\u00e9<\/strong><br \/>Sol\u00e8ne CLOT ne peut \u00eatre tenue responsable de tout dommage r\u00e9sultant d\u2019une mauvaise utilisation du site ou d\u2019un dysfonctionnement ind\u00e9pendant de sa volont\u00e9 (probl\u00e8me d\u2019acc\u00e8s, d\u00e9faillance technique, etc.).<\/p>\n\n<p><strong>7. Droit applicable<\/strong><br \/>Les pr\u00e9sentes conditions sont r\u00e9gies par le droit fran\u00e7ais.<br \/>Tout litige relatif \u00e0 leur interpr\u00e9tation ou leur ex\u00e9cution rel\u00e8ve de la comp\u00e9tence exclusive des tribunaux fran\u00e7ais.<\/p>\n\t\t\t\t\t\t\t\t<\/div>\n\t\t\t\t\t<\/div>\n\t\t\t\t<\/div>\n\t\t<div class=\"elementor-element elementor-element-609b6133 e-con-full e-flex e-con e-parent\" data-id=\"609b6133\" data-element_type=\"container\" data-e-type=\"container\" data-settings=\"{&quot;background_background&quot;:&quot;classic&quot;}\">\n\t\t<div class=\"elementor-element elementor-element-7b529120 e-flex e-con-boxed e-con e-child\" data-id=\"7b529120\" data-element_type=\"container\" data-e-type=\"container\">\n\t\t\t\t\t<div class=\"e-con-inner\">\n\t\t<div class=\"elementor-element elementor-element-1eae7c3c e-con-full e-flex e-con e-child\" data-id=\"1eae7c3c\" data-element_type=\"container\" data-e-type=\"container\">\n\t\t\t\t<div class=\"elementor-element elementor-element-31f11f66 elementor-widget__width-inherit elementor-widget elementor-widget-heading\" data-id=\"31f11f66\" data-element_type=\"widget\" data-e-type=\"widget\" data-widget_type=\"heading.default\">\n\t\t\t\t\t<p class=\"elementor-heading-title elementor-size-default\"><a href=\"#\">Copyright \u00a9 2025, Sol\u00e8ne CLOT, Tous droits r\u00e9serv\u00e9s<\/a><\/p>\t\t\t\t<\/div>\n\t\t\t\t<\/div>\n\t\t<div class=\"elementor-element elementor-element-991f8e2 e-con-full e-flex e-con e-child\" data-id=\"991f8e2\" data-element_type=\"container\" data-e-type=\"container\">\n\t\t\t\t<div class=\"elementor-element elementor-element-1ebc5e87 elementor-widget elementor-widget-tf-nav-menu\" data-id=\"1ebc5e87\" data-element_type=\"widget\" data-e-type=\"widget\" data-widget_type=\"tf-nav-menu.default\">\n\t\t\t\t<div class=\"elementor-widget-container\">\n\t\t\t\t\t<div class=\"tf-nav-menu tf-alignment-left horizontal menu-panel-style-left tf_link_effect_underline tf_animation_line_fade dropdown-style1 tf-nav-69d63bd313217\" data-id_random=\"tf-nav-69d63bd313217\">\r\n\t\t\t\t<div class=\"nav-panel mobile-menu-alignment-left\">\r\n\t\t\t\t\t<div class=\"wrap-logo-nav\"><a href=\"https:\/\/solene-clot.fr\/\" class=\"logo-nav\"><img decoding=\"async\" src=\"http:\/\/solene-clot.fr\/wp-content\/uploads\/2025\/10\/Group-568.png\" alt=\"Sol\u00e8ne CLOT\"><\/a><\/div>\r\n\t\t\t\t\t<div class=\"mainnav-mobi\"><div class=\"menu-container tf-menu-container\"><ul id=\"menu-footer\" class=\"menu\"><li id=\"menu-item-479\" class=\"menu-item menu-item-type-post_type menu-item-object-page menu-item-479\"><a href=\"https:\/\/solene-clot.fr\/index.php\/conditions-de-consultation\/\">Conditions de consultation<i class=\"fa fa-angle-right\" aria-hidden=\"true\"><\/i><\/a><\/li>\n<li id=\"menu-item-480\" class=\"menu-item menu-item-type-post_type menu-item-object-page menu-item-480\"><a href=\"https:\/\/solene-clot.fr\/index.php\/politique-de-confidentialite-rgpd\/\">Politique de confidentialit\u00e9 (RGPD)<i class=\"fa fa-angle-right\" aria-hidden=\"true\"><\/i><\/a><\/li>\n<li id=\"menu-item-481\" class=\"menu-item menu-item-type-post_type menu-item-object-page menu-item-481\"><a href=\"https:\/\/solene-clot.fr\/index.php\/mentions-legales\/\">Mentions l\u00e9gales<i class=\"fa fa-angle-right\" aria-hidden=\"true\"><\/i><\/a><\/li>\n<li id=\"menu-item-482\" class=\"menu-item menu-item-type-post_type menu-item-object-page menu-item-482\"><a href=\"https:\/\/solene-clot.fr\/index.php\/contact\/\">Contact<i class=\"fa fa-angle-right\" aria-hidden=\"true\"><\/i><\/a><\/li>\n<\/ul><\/div><\/div>\r\n\t\t\t\t\t<div class=\"wrap-close-menu-panel-style-default\">\r\n\t\t\t\t\t\t<button class=\"close-menu-panel-style-default\"><i class=\"fas fa-times\"><\/i><\/button>\r\n\t\t\t\t\t<\/div>\r\n\t\t\t\t<\/div>\r\n\t\t\t\t<div class=\"mainnav nav\"><div class=\"menu-container tf-menu-container\"><ul id=\"menu-footer\" class=\"menu\"><li id=\"menu-item-479\" class=\"menu-item menu-item-type-post_type menu-item-object-page menu-item-479\"><a href=\"https:\/\/solene-clot.fr\/index.php\/conditions-de-consultation\/\">Conditions de consultation<i class=\"fa fa-angle-right\" aria-hidden=\"true\"><\/i><\/a><\/li>\n<li id=\"menu-item-480\" class=\"menu-item menu-item-type-post_type menu-item-object-page menu-item-480\"><a href=\"https:\/\/solene-clot.fr\/index.php\/politique-de-confidentialite-rgpd\/\">Politique de confidentialit\u00e9 (RGPD)<i class=\"fa fa-angle-right\" aria-hidden=\"true\"><\/i><\/a><\/li>\n<li id=\"menu-item-481\" class=\"menu-item menu-item-type-post_type menu-item-object-page menu-item-481\"><a href=\"https:\/\/solene-clot.fr\/index.php\/mentions-legales\/\">Mentions l\u00e9gales<i class=\"fa fa-angle-right\" aria-hidden=\"true\"><\/i><\/a><\/li>\n<li id=\"menu-item-482\" class=\"menu-item menu-item-type-post_type menu-item-object-page menu-item-482\"><a href=\"https:\/\/solene-clot.fr\/index.php\/contact\/\">Contact<i class=\"fa fa-angle-right\" aria-hidden=\"true\"><\/i><\/a><\/li>\n<\/ul><\/div><\/div>\r\n\t\t\t\t<div class=\"mobile-menu-overlay\"><\/div>\r\n\t\t\t\t<button class=\"tf-close\"><i class=\"fas fa-times\"><\/i><\/button>\r\n\t\t\t\t<button class=\"btn-menu-mobile\"><span class=\"open-icon\"><i class=\"fas fa-bars\"><\/i><\/span><\/button>\r\n\t\t\t\t<button class=\"btn-menu-only\"><span class=\"open-icon\"><i class=\"fas fa-bars\"><\/i><\/span><\/button>\r\n\t\t\t<\/div>\t\t\t\t<\/div>\n\t\t\t\t<\/div>\n\t\t\t\t<\/div>\n\t\t\t\t\t<\/div>\n\t\t\t\t<\/div>\n\t\t\t\t<\/div>\n\t\t\t\t<\/div>\n\t\t","protected":false},"excerpt":{"rendered":"<p>Sol\u00e8ne Clot &#8211; Psychologue Sol\u00e8ne CLOT Page d\u2019accueil \u00c0 propos de moi Pour les patients Contact Page d\u2019accueil \u00c0 propos de moi Pour les patients Contact 1. ObjetLes pr\u00e9sentes conditions pr\u00e9cisent les modalit\u00e9s de consultation propos\u00e9es par Sol\u00e8ne CLOT, psychologue dipl\u00f4m\u00e9e d\u2019\u00c9tat. 2. Prise de rendez-vousLes rendez-vous se prennent directement via le site ou la [&hellip;]<\/p>\n","protected":false},"author":1,"featured_media":0,"parent":0,"menu_order":0,"comment_status":"closed","ping_status":"closed","template":"","meta":{"footnotes":""},"class_list":["post-157","page","type-page","status-publish","hentry"],"yoast_head":"<!-- This site is optimized with the Yoast SEO plugin v27.3 - https:\/\/yoast.com\/product\/yoast-seo-wordpress\/ -->\n<title>Conditions de consultation - Sol\u00e8ne CLOT<\/title>\n<meta name=\"robots\" content=\"index, follow, max-snippet:-1, max-image-preview:large, max-video-preview:-1\" \/>\n<link rel=\"canonical\" href=\"https:\/\/solene-clot.fr\/index.php\/conditions-de-consultation\/\" \/>\n<meta property=\"og:locale\" content=\"fr_FR\" \/>\n<meta property=\"og:type\" content=\"article\" \/>\n<meta property=\"og:title\" content=\"Conditions de consultation - Sol\u00e8ne CLOT\" \/>\n<meta property=\"og:description\" content=\"Sol\u00e8ne Clot &#8211; Psychologue Sol\u00e8ne CLOT Page d\u2019accueil \u00c0 propos de moi Pour les patients Contact Page d\u2019accueil \u00c0 propos de moi Pour les patients Contact 1. ObjetLes pr\u00e9sentes conditions pr\u00e9cisent les modalit\u00e9s de consultation propos\u00e9es par Sol\u00e8ne CLOT, psychologue dipl\u00f4m\u00e9e d\u2019\u00c9tat. 2. Prise de rendez-vousLes rendez-vous se prennent directement via le site ou la [&hellip;]\" \/>\n<meta property=\"og:url\" content=\"https:\/\/solene-clot.fr\/index.php\/conditions-de-consultation\/\" \/>\n<meta property=\"og:site_name\" content=\"Sol\u00e8ne CLOT\" \/>\n<meta property=\"article:modified_time\" content=\"2025-10-30T15:42:03+00:00\" \/>\n<meta property=\"og:image\" content=\"http:\/\/solene-clot.fr\/wp-content\/uploads\/2025\/10\/Group-568.png\" \/>\n<meta name=\"twitter:card\" content=\"summary_large_image\" \/>\n<meta name=\"twitter:label1\" content=\"Dur\u00e9e de lecture estim\u00e9e\" \/>\n\t<meta name=\"twitter:data1\" content=\"1 minute\" \/>\n<script type=\"application\/ld+json\" class=\"yoast-schema-graph\">{\"@context\":\"https:\\\/\\\/schema.org\",\"@graph\":[{\"@type\":\"WebPage\",\"@id\":\"https:\\\/\\\/solene-clot.fr\\\/index.php\\\/conditions-de-consultation\\\/\",\"url\":\"https:\\\/\\\/solene-clot.fr\\\/index.php\\\/conditions-de-consultation\\\/\",\"name\":\"Conditions de consultation - Sol\u00e8ne CLOT\",\"isPartOf\":{\"@id\":\"https:\\\/\\\/solene-clot.fr\\\/#website\"},\"primaryImageOfPage\":{\"@id\":\"https:\\\/\\\/solene-clot.fr\\\/index.php\\\/conditions-de-consultation\\\/#primaryimage\"},\"image\":{\"@id\":\"https:\\\/\\\/solene-clot.fr\\\/index.php\\\/conditions-de-consultation\\\/#primaryimage\"},\"thumbnailUrl\":\"http:\\\/\\\/solene-clot.fr\\\/wp-content\\\/uploads\\\/2025\\\/10\\\/Group-568.png\",\"datePublished\":\"2025-10-19T13:17:20+00:00\",\"dateModified\":\"2025-10-30T15:42:03+00:00\",\"breadcrumb\":{\"@id\":\"https:\\\/\\\/solene-clot.fr\\\/index.php\\\/conditions-de-consultation\\\/#breadcrumb\"},\"inLanguage\":\"fr-FR\",\"potentialAction\":[{\"@type\":\"ReadAction\",\"target\":[\"https:\\\/\\\/solene-clot.fr\\\/index.php\\\/conditions-de-consultation\\\/\"]}]},{\"@type\":\"ImageObject\",\"inLanguage\":\"fr-FR\",\"@id\":\"https:\\\/\\\/solene-clot.fr\\\/index.php\\\/conditions-de-consultation\\\/#primaryimage\",\"url\":\"http:\\\/\\\/solene-clot.fr\\\/wp-content\\\/uploads\\\/2025\\\/10\\\/Group-568.png\",\"contentUrl\":\"http:\\\/\\\/solene-clot.fr\\\/wp-content\\\/uploads\\\/2025\\\/10\\\/Group-568.png\"},{\"@type\":\"BreadcrumbList\",\"@id\":\"https:\\\/\\\/solene-clot.fr\\\/index.php\\\/conditions-de-consultation\\\/#breadcrumb\",\"itemListElement\":[{\"@type\":\"ListItem\",\"position\":1,\"name\":\"Accueil\",\"item\":\"https:\\\/\\\/solene-clot.fr\\\/\"},{\"@type\":\"ListItem\",\"position\":2,\"name\":\"Conditions de consultation\"}]},{\"@type\":\"WebSite\",\"@id\":\"https:\\\/\\\/solene-clot.fr\\\/#website\",\"url\":\"https:\\\/\\\/solene-clot.fr\\\/\",\"name\":\"Sol\u00e8ne CLOT\",\"description\":\"\",\"publisher\":{\"@id\":\"https:\\\/\\\/solene-clot.fr\\\/#\\\/schema\\\/person\\\/9f316df96ae539856f5dea1a6978c96d\"},\"potentialAction\":[{\"@type\":\"SearchAction\",\"target\":{\"@type\":\"EntryPoint\",\"urlTemplate\":\"https:\\\/\\\/solene-clot.fr\\\/?s={search_term_string}\"},\"query-input\":{\"@type\":\"PropertyValueSpecification\",\"valueRequired\":true,\"valueName\":\"search_term_string\"}}],\"inLanguage\":\"fr-FR\"},{\"@type\":[\"Person\",\"Organization\"],\"@id\":\"https:\\\/\\\/solene-clot.fr\\\/#\\\/schema\\\/person\\\/9f316df96ae539856f5dea1a6978c96d\",\"name\":\"Sol\u00e8ne\",\"image\":{\"@type\":\"ImageObject\",\"inLanguage\":\"fr-FR\",\"@id\":\"https:\\\/\\\/secure.gravatar.com\\\/avatar\\\/c8c335c2328ce8068eb0da1ba1532dd16f079c62656456706916259047e9d077?s=96&d=mm&r=g\",\"url\":\"https:\\\/\\\/secure.gravatar.com\\\/avatar\\\/c8c335c2328ce8068eb0da1ba1532dd16f079c62656456706916259047e9d077?s=96&d=mm&r=g\",\"contentUrl\":\"https:\\\/\\\/secure.gravatar.com\\\/avatar\\\/c8c335c2328ce8068eb0da1ba1532dd16f079c62656456706916259047e9d077?s=96&d=mm&r=g\",\"caption\":\"Sol\u00e8ne\"},\"logo\":{\"@id\":\"https:\\\/\\\/secure.gravatar.com\\\/avatar\\\/c8c335c2328ce8068eb0da1ba1532dd16f079c62656456706916259047e9d077?s=96&d=mm&r=g\"},\"description\":\"Psychologue dipl\u00f4m\u00e9e d\u2019\u00c9tat, titulaire d\u2019un Master 2 en Psychologie du travail \u00e0 l\u2019Universit\u00e9 de Lille, je me suis d\u2019abord sp\u00e9cialis\u00e9e dans la pr\u00e9vention des risques psychosociaux et la sant\u00e9 au travail. Tr\u00e8s vite, j\u2019ai ressenti le besoin de me rapprocher de l\u2019accompagnement individuel, afin d\u2019\u00eatre au plus pr\u00e8s des r\u00e9alit\u00e9s v\u00e9cues par les personnes et de la richesse de leurs parcours.\",\"sameAs\":[\"http:\\\/\\\/solene-clot.fr\",\"www.linkedin.com\\\/in\\\/sol\u00e8ne-clot\"]}]}<\/script>\n<!-- \/ Yoast SEO plugin. -->","yoast_head_json":{"title":"Conditions de consultation - Sol\u00e8ne CLOT","robots":{"index":"index","follow":"follow","max-snippet":"max-snippet:-1","max-image-preview":"max-image-preview:large","max-video-preview":"max-video-preview:-1"},"canonical":"https:\/\/solene-clot.fr\/index.php\/conditions-de-consultation\/","og_locale":"fr_FR","og_type":"article","og_title":"Conditions de consultation - Sol\u00e8ne CLOT","og_description":"Sol\u00e8ne Clot &#8211; Psychologue Sol\u00e8ne CLOT Page d\u2019accueil \u00c0 propos de moi Pour les patients Contact Page d\u2019accueil \u00c0 propos de moi Pour les patients Contact 1. ObjetLes pr\u00e9sentes conditions pr\u00e9cisent les modalit\u00e9s de consultation propos\u00e9es par Sol\u00e8ne CLOT, psychologue dipl\u00f4m\u00e9e d\u2019\u00c9tat. 2. Prise de rendez-vousLes rendez-vous se prennent directement via le site ou la [&hellip;]","og_url":"https:\/\/solene-clot.fr\/index.php\/conditions-de-consultation\/","og_site_name":"Sol\u00e8ne CLOT","article_modified_time":"2025-10-30T15:42:03+00:00","og_image":[{"url":"http:\/\/solene-clot.fr\/wp-content\/uploads\/2025\/10\/Group-568.png","type":"","width":"","height":""}],"twitter_card":"summary_large_image","twitter_misc":{"Dur\u00e9e de lecture estim\u00e9e":"1 minute"},"schema":{"@context":"https:\/\/schema.org","@graph":[{"@type":"WebPage","@id":"https:\/\/solene-clot.fr\/index.php\/conditions-de-consultation\/","url":"https:\/\/solene-clot.fr\/index.php\/conditions-de-consultation\/","name":"Conditions de consultation - Sol\u00e8ne CLOT","isPartOf":{"@id":"https:\/\/solene-clot.fr\/#website"},"primaryImageOfPage":{"@id":"https:\/\/solene-clot.fr\/index.php\/conditions-de-consultation\/#primaryimage"},"image":{"@id":"https:\/\/solene-clot.fr\/index.php\/conditions-de-consultation\/#primaryimage"},"thumbnailUrl":"http:\/\/solene-clot.fr\/wp-content\/uploads\/2025\/10\/Group-568.png","datePublished":"2025-10-19T13:17:20+00:00","dateModified":"2025-10-30T15:42:03+00:00","breadcrumb":{"@id":"https:\/\/solene-clot.fr\/index.php\/conditions-de-consultation\/#breadcrumb"},"inLanguage":"fr-FR","potentialAction":[{"@type":"ReadAction","target":["https:\/\/solene-clot.fr\/index.php\/conditions-de-consultation\/"]}]},{"@type":"ImageObject","inLanguage":"fr-FR","@id":"https:\/\/solene-clot.fr\/index.php\/conditions-de-consultation\/#primaryimage","url":"http:\/\/solene-clot.fr\/wp-content\/uploads\/2025\/10\/Group-568.png","contentUrl":"http:\/\/solene-clot.fr\/wp-content\/uploads\/2025\/10\/Group-568.png"},{"@type":"BreadcrumbList","@id":"https:\/\/solene-clot.fr\/index.php\/conditions-de-consultation\/#breadcrumb","itemListElement":[{"@type":"ListItem","position":1,"name":"Accueil","item":"https:\/\/solene-clot.fr\/"},{"@type":"ListItem","position":2,"name":"Conditions de consultation"}]},{"@type":"WebSite","@id":"https:\/\/solene-clot.fr\/#website","url":"https:\/\/solene-clot.fr\/","name":"Sol\u00e8ne CLOT","description":"","publisher":{"@id":"https:\/\/solene-clot.fr\/#\/schema\/person\/9f316df96ae539856f5dea1a6978c96d"},"potentialAction":[{"@type":"SearchAction","target":{"@type":"EntryPoint","urlTemplate":"https:\/\/solene-clot.fr\/?s={search_term_string}"},"query-input":{"@type":"PropertyValueSpecification","valueRequired":true,"valueName":"search_term_string"}}],"inLanguage":"fr-FR"},{"@type":["Person","Organization"],"@id":"https:\/\/solene-clot.fr\/#\/schema\/person\/9f316df96ae539856f5dea1a6978c96d","name":"Sol\u00e8ne","image":{"@type":"ImageObject","inLanguage":"fr-FR","@id":"https:\/\/secure.gravatar.com\/avatar\/c8c335c2328ce8068eb0da1ba1532dd16f079c62656456706916259047e9d077?s=96&d=mm&r=g","url":"https:\/\/secure.gravatar.com\/avatar\/c8c335c2328ce8068eb0da1ba1532dd16f079c62656456706916259047e9d077?s=96&d=mm&r=g","contentUrl":"https:\/\/secure.gravatar.com\/avatar\/c8c335c2328ce8068eb0da1ba1532dd16f079c62656456706916259047e9d077?s=96&d=mm&r=g","caption":"Sol\u00e8ne"},"logo":{"@id":"https:\/\/secure.gravatar.com\/avatar\/c8c335c2328ce8068eb0da1ba1532dd16f079c62656456706916259047e9d077?s=96&d=mm&r=g"},"description":"Psychologue dipl\u00f4m\u00e9e d\u2019\u00c9tat, titulaire d\u2019un Master 2 en Psychologie du travail \u00e0 l\u2019Universit\u00e9 de Lille, je me suis d\u2019abord sp\u00e9cialis\u00e9e dans la pr\u00e9vention des risques psychosociaux et la sant\u00e9 au travail. Tr\u00e8s vite, j\u2019ai ressenti le besoin de me rapprocher de l\u2019accompagnement individuel, afin d\u2019\u00eatre au plus pr\u00e8s des r\u00e9alit\u00e9s v\u00e9cues par les personnes et de la richesse de leurs parcours.","sameAs":["http:\/\/solene-clot.fr","www.linkedin.com\/in\/sol\u00e8ne-clot"]}]}},"_links":{"self":[{"href":"https:\/\/solene-clot.fr\/index.php\/wp-json\/wp\/v2\/pages\/157","targetHints":{"allow":["GET"]}}],"collection":[{"href":"https:\/\/solene-clot.fr\/index.php\/wp-json\/wp\/v2\/pages"}],"about":[{"href":"https:\/\/solene-clot.fr\/index.php\/wp-json\/wp\/v2\/types\/page"}],"author":[{"embeddable":true,"href":"https:\/\/solene-clot.fr\/index.php\/wp-json\/wp\/v2\/users\/1"}],"replies":[{"embeddable":true,"href":"https:\/\/solene-clot.fr\/index.php\/wp-json\/wp\/v2\/comments?post=157"}],"version-history":[{"count":13,"href":"https:\/\/solene-clot.fr\/index.php\/wp-json\/wp\/v2\/pages\/157\/revisions"}],"predecessor-version":[{"id":681,"href":"https:\/\/solene-clot.fr\/index.php\/wp-json\/wp\/v2\/pages\/157\/revisions\/681"}],"wp:attachment":[{"href":"https:\/\/solene-clot.fr\/index.php\/wp-json\/wp\/v2\/media?parent=157"}],"curies":[{"name":"wp","href":"https:\/\/api.w.org\/{rel}","templated":true}]}}